{"id":2,"date":"2010-12-25T16:29:12","date_gmt":"2010-12-25T15:29:12","guid":{"rendered":"http:\/\/buermeyer.de\/wp\/?page_id=2"},"modified":"2025-05-13T17:31:43","modified_gmt":"2025-05-13T16:31:43","slug":"contact","status":"publish","type":"page","link":"https:\/\/buermeyer.de\/ulf\/contact\/","title":{"rendered":"Kontakt"},"content":{"rendered":"\n<p>buermeyer.de ist ein privates Angebot von<\/p>\n\n\n\n<p>Dr. Ulf Buermeyer, LL.M. (Columbia)<br>c\/o Lage der Nation Media GmbH &amp; Co. KG<br>Kiefholzstr. 1, Aufgang K1<br>D &#8211; 12435 Berlin<\/p>\n\n\n\n<p>Kontakt per Mail: support (a) lagedernation org<\/p>\n\n\n\n<p>Dies ist auch die richtige Adresse f\u00fcr Einladungen zu Veranstaltungen oder f\u00fcr Speaker-Anfragen. Bitte geben Sie ggf. auch Ihre Honorarvorstellung an. <\/p>\n\n\n<p><p role=\"document\" aria-multiline=\"true\" aria-label=\"Paragraph block\" tabindex=\"0\" class=\"block-editor-rich-text__editable block-editor-block-list__block wp-block is-multi-selected is-partially-selected wp-block-paragraph rich-text\" id=\"block-6909254f-b8ab-45f9-8b0a-19e9415a04c9\" data-block=\"6909254f-b8ab-45f9-8b0a-19e9415a04c9\" data-type=\"core\/paragraph\" data-title=\"Paragraph\" data-empty=\"false\" contenteditable=\"true\" style=\"white-space: pre-wrap; min-width: 1px;\"><strong>Social Media<\/strong><\/p><p role=\"document\" aria-multiline=\"true\" aria-label=\"Paragraph block\" tabindex=\"0\" class=\"block-editor-rich-text__editable block-editor-block-list__block wp-block is-multi-selected is-partially-selected wp-block-paragraph rich-text\" id=\"block-4b9e43b2-8e03-4904-b9cf-49ce262216c3\" data-block=\"4b9e43b2-8e03-4904-b9cf-49ce262216c3\" data-type=\"core\/paragraph\" data-title=\"Paragraph\" data-empty=\"false\" contenteditable=\"true\" style=\"white-space: pre-wrap; min-width: 1px;\">Bitte nutzen Sie die privaten Social-Media-Kan\u00e4le von Ulf Buermeyer <strong>nicht<\/strong> f\u00fcr Feedback zur Lage der Nation. Daf\u00fcr gibt es das <a rel=\"noreferrer noopener\" href=\"https:\/\/talk.lagedernation.org\/\" target=\"_blank\">Lage-Forum<\/a> und ausnahmsweise &#8211; im Falle vertraulicher Informationen &#8211; die Support-Adresse (support [a] lagedernation org).<\/p><p role=\"document\" aria-multiline=\"true\" aria-label=\"Paragraph block\" tabindex=\"0\" class=\"block-editor-rich-text__editable block-editor-block-list__block wp-block is-multi-selected is-partially-selected wp-block-paragraph rich-text\" id=\"block-baedd7bc-27dc-4097-b241-ce766aabe73a\" data-block=\"baedd7bc-27dc-4097-b241-ce766aabe73a\" data-type=\"core\/paragraph\" data-title=\"Paragraph\" data-empty=\"false\" contenteditable=\"true\" style=\"white-space: pre-wrap; min-width: 1px;\"><a rel=\"noreferrer noopener\" href=\"https:\/\/bsky.app\/profile\/buermeyer.de\" target=\"_blank\">BlueSky<\/a> \/ <a rel=\"noreferrer noopener\" href=\"https:\/\/www.instagram.com\/if0xx\/\" target=\"_blank\">Instagram<\/a> \/ <a rel=\"noreferrer noopener\" href=\"https:\/\/chaos.social\/@vieuxrenard\" target=\"_blank\">Mastodon<\/a><\/p><p role=\"document\" aria-multiline=\"true\" aria-label=\"Paragraph block\" tabindex=\"0\" class=\"block-editor-rich-text__editable block-editor-block-list__block wp-block is-multi-selected is-partially-selected wp-block-paragraph rich-text\" id=\"block-a180fd02-490c-4a45-aacd-54c8406e9be2\" data-block=\"a180fd02-490c-4a45-aacd-54c8406e9be2\" data-type=\"core\/paragraph\" data-title=\"Paragraph\" data-empty=\"false\" contenteditable=\"true\" style=\"white-space: pre-wrap; min-width: 1px;\"><strong>Keine Haftung<\/strong><\/p><p role=\"document\" aria-multiline=\"true\" aria-label=\"Paragraph block\" tabindex=\"0\" class=\"block-editor-rich-text__editable block-editor-block-list__block wp-block is-multi-selected is-partially-selected wp-block-paragraph rich-text\" id=\"block-441b1a50-d437-42ce-b9f8-23e8ce246821\" data-block=\"441b1a50-d437-42ce-b9f8-23e8ce246821\" data-type=\"core\/paragraph\" data-title=\"Paragraph\" data-empty=\"false\" contenteditable=\"true\" style=\"white-space: pre-wrap; min-width: 1px;\">Die Inhalte dieses Webprojektes wurden sorgf\u00e4ltig gepr\u00fcft und nach bestem Wissen erstellt. Aber f\u00fcr die hier dargebotenen Informationen wird kein Anspruch auf Vollst\u00e4ndigkeit, Aktualit\u00e4t, Qualit\u00e4t und Richtigkeit erhoben. Es kann keine Verantwortung f\u00fcr Sch\u00e4den \u00fcbernommen werden, die durch das Vertrauen auf die Inhalte dieser Website oder deren Gebrauch entstehen.<\/p><\/p>\n\n\n<p><strong>Fotos<\/strong><\/p>\n\n\n\n<p>Die folgenden Bilder k\u00f6nnen Sie unter Angabe des Urhebers frei verwenden, beispielsweise wenn Sie eine Veranstaltung mit Ulf Buermeyer ank\u00fcndigen m\u00f6chten:<\/p>\n\n\n\n<p><a href=\"https:\/\/buermeyer.de\/ulf\/wp-content\/uploads\/2025\/05\/Ulf-Buermeyer-CC-BY-SA-3.0-Markus-Beckedahl.jpg\" target=\"_blank\" rel=\"noreferrer noopener\"><img decoding=\"async\" loading=\"lazy\" width=\"1280\" height=\"960\" class=\"wp-image-431\" style=\"width: 300px;\" src=\"https:\/\/buermeyer.de\/ulf\/wp-content\/uploads\/2025\/05\/Ulf-Buermeyer-CC-BY-SA-3.0-Markus-Beckedahl.jpg\" alt=\"\" srcset=\"https:\/\/buermeyer.de\/ulf\/wp-content\/uploads\/2025\/05\/Ulf-Buermeyer-CC-BY-SA-3.0-Markus-Beckedahl.jpg 1280w, https:\/\/buermeyer.de\/ulf\/wp-content\/uploads\/2025\/05\/Ulf-Buermeyer-CC-BY-SA-3.0-Markus-Beckedahl-300x225.jpg 300w, https:\/\/buermeyer.de\/ulf\/wp-content\/uploads\/2025\/05\/Ulf-Buermeyer-CC-BY-SA-3.0-Markus-Beckedahl-1024x768.jpg 1024w, https:\/\/buermeyer.de\/ulf\/wp-content\/uploads\/2025\/05\/Ulf-Buermeyer-CC-BY-SA-3.0-Markus-Beckedahl-768x576.jpg 768w\" sizes=\"(max-width: 1280px) 100vw, 1280px\" \/><\/a>   \u00a9 Markus Beckedahl, CC-BY-SA 3.0<\/p>\n\n\n\n<p><a href=\"https:\/\/buermeyer.de\/ulf\/wp-content\/uploads\/2025\/05\/Ulf-Buermeyer-c-Lage-der-Nation-Media-GmbH-und-Co-KG-scaled.jpg\" target=\"_blank\" rel=\"noreferrer noopener\"><img decoding=\"async\" loading=\"lazy\" width=\"1706\" height=\"2560\" class=\"wp-image-432\" style=\"width: 200px;\" src=\"https:\/\/buermeyer.de\/ulf\/wp-content\/uploads\/2025\/05\/Ulf-Buermeyer-c-Lage-der-Nation-Media-GmbH-und-Co-KG-scaled.jpg\" alt=\"\" srcset=\"https:\/\/buermeyer.de\/ulf\/wp-content\/uploads\/2025\/05\/Ulf-Buermeyer-c-Lage-der-Nation-Media-GmbH-und-Co-KG-scaled.jpg 1706w, https:\/\/buermeyer.de\/ulf\/wp-content\/uploads\/2025\/05\/Ulf-Buermeyer-c-Lage-der-Nation-Media-GmbH-und-Co-KG-200x300.jpg 200w, https:\/\/buermeyer.de\/ulf\/wp-content\/uploads\/2025\/05\/Ulf-Buermeyer-c-Lage-der-Nation-Media-GmbH-und-Co-KG-683x1024.jpg 683w, https:\/\/buermeyer.de\/ulf\/wp-content\/uploads\/2025\/05\/Ulf-Buermeyer-c-Lage-der-Nation-Media-GmbH-und-Co-KG-768x1152.jpg 768w, https:\/\/buermeyer.de\/ulf\/wp-content\/uploads\/2025\/05\/Ulf-Buermeyer-c-Lage-der-Nation-Media-GmbH-und-Co-KG-1024x1536.jpg 1024w, https:\/\/buermeyer.de\/ulf\/wp-content\/uploads\/2025\/05\/Ulf-Buermeyer-c-Lage-der-Nation-Media-GmbH-und-Co-KG-1365x2048.jpg 1365w\" sizes=\"(max-width: 1706px) 100vw, 1706px\" \/><\/a>   \u00a9 Lage der Nation Media GmbH und Co. KG \/ Ilya Lipkin<\/p>\n\n\n\n<p><a href=\"https:\/\/buermeyer.de\/ulf\/wp-content\/uploads\/2025\/05\/Ulf-Buermeyer-c-Dietrich-Ku%CC%88hne.jpeg\" target=\"_blank\" rel=\"noreferrer noopener\"><img decoding=\"async\" loading=\"lazy\" width=\"1920\" height=\"1400\" class=\"wp-image-436\" style=\"width: 300px;\" src=\"https:\/\/buermeyer.de\/ulf\/wp-content\/uploads\/2025\/05\/Ulf-Buermeyer-c-Dietrich-Ku\u0308hne.jpeg\" alt=\"\" srcset=\"https:\/\/buermeyer.de\/ulf\/wp-content\/uploads\/2025\/05\/Ulf-Buermeyer-c-Dietrich-Ku\u0308hne.jpeg 1920w, https:\/\/buermeyer.de\/ulf\/wp-content\/uploads\/2025\/05\/Ulf-Buermeyer-c-Dietrich-Ku\u0308hne-300x219.jpeg 300w, https:\/\/buermeyer.de\/ulf\/wp-content\/uploads\/2025\/05\/Ulf-Buermeyer-c-Dietrich-Ku\u0308hne-1024x747.jpeg 1024w, https:\/\/buermeyer.de\/ulf\/wp-content\/uploads\/2025\/05\/Ulf-Buermeyer-c-Dietrich-Ku\u0308hne-768x560.jpeg 768w, https:\/\/buermeyer.de\/ulf\/wp-content\/uploads\/2025\/05\/Ulf-Buermeyer-c-Dietrich-Ku\u0308hne-1536x1120.jpeg 1536w\" sizes=\"(max-width: 1920px) 100vw, 1920px\" \/><\/a>   \u00a9 Dietrich Ku\u0308hne<\/p>\n\n\n\n<p><\/p>\n\n\n\n<p><strong>Schutzrechtsverletzungen<\/strong><\/p>\n\n\n\n<p>Falls Sie vermuten, dass von dieser Website aus eines Ihrer Schutzrechte verletzt wird, teilen Sie das bitte umgehend per elektronischer Post an die oben genannte Adresse mit, damit z\u00fcgig Abhilfe geschafft werden kann.<\/p>\n\n\n\n<p><em>Bitte nehmen Sie zur Kenntnis, dass die zeitaufw\u00e4ndige und kostenintensive Einschaltung eines Anwaltes zur kostenpflichtigen Abmahnung nicht dem Willen des Anbieters entspricht.<\/em><\/p>\n\n\n\n<p><strong>Datenschutz<\/strong><\/p>\n\n\n\n<p>Hinweise zum Datenschutz finden sich in meiner <a href=\"https:\/\/buermeyer.de\/ulf\/datenschutz\/\" target=\"_blank\" rel=\"noopener\">Datenschutzerkl\u00e4rung<\/a>.<\/p>\n","protected":false},"excerpt":{"rendered":"<p>buermeyer.de ist ein privates Angebot von Dr. Ulf Buermeyer, LL.M. (Columbia)c\/o Lage der Nation Media GmbH &amp; Co. KGKiefholzstr. 1, Aufgang K1D &#8211; 12435 Berlin Kontakt per Mail: support (a) lagedernation org Dies ist auch die richtige Adresse f\u00fcr Einladungen &hellip; <a href=\"https:\/\/buermeyer.de\/ulf\/contact\/\">Continue reading <span class=\"meta-nav\">&rarr;<\/span><\/a><\/p>\n","protected":false},"author":1,"featured_media":0,"parent":0,"menu_order":7,"comment_status":"closed","ping_status":"closed","template":"","meta":[],"_links":{"self":[{"href":"https:\/\/buermeyer.de\/ulf\/wp-json\/wp\/v2\/pages\/2"}],"collection":[{"href":"https:\/\/buermeyer.de\/ulf\/wp-json\/wp\/v2\/pages"}],"about":[{"href":"https:\/\/buermeyer.de\/ulf\/wp-json\/wp\/v2\/types\/page"}],"author":[{"embeddable":true,"href":"https:\/\/buermeyer.de\/ulf\/wp-json\/wp\/v2\/users\/1"}],"replies":[{"embeddable":true,"href":"https:\/\/buermeyer.de\/ulf\/wp-json\/wp\/v2\/comments?post=2"}],"version-history":[{"count":33,"href":"https:\/\/buermeyer.de\/ulf\/wp-json\/wp\/v2\/pages\/2\/revisions"}],"predecessor-version":[{"id":446,"href":"https:\/\/buermeyer.de\/ulf\/wp-json\/wp\/v2\/pages\/2\/revisions\/446"}],"wp:attachment":[{"href":"https:\/\/buermeyer.de\/ulf\/wp-json\/wp\/v2\/media?parent=2"}],"curies":[{"name":"wp","href":"https:\/\/api.w.org\/{rel}","templated":true}]}}